{"id":267,"date":"2021-06-17T13:40:54","date_gmt":"2021-06-17T13:40:54","guid":{"rendered":"http:\/\/wp.fehmarnbootsverleih.de\/?page_id=267"},"modified":"2025-08-09T19:16:54","modified_gmt":"2025-08-09T18:16:54","slug":"ohne-fuehrerschein","status":"publish","type":"page","link":"https:\/\/fehmarn-bootsverleih.de\/?page_id=267","title":{"rendered":"F\u00fchrerschein &#8211; frei"},"content":{"rendered":"\n<div class=\"wp-block-group alignfull has-subtle-background-background-color has-background\"><div class=\"wp-block-group__inner-container is-layout-flow wp-block-group-is-layout-flow\">\n<h2 class=\"wp-block-heading has-text-align-center\">F\u00fchrerschein &#8211; frei<\/h2>\n\n\n<div class=\"wp-block-image\">\n<figure class=\"aligncenter size-large is-resized\"><img loading=\"lazy\" decoding=\"async\" width=\"512\" height=\"512\" src=\"https:\/\/fehmarn-bootsverleih.de\/wp-content\/uploads\/2021\/06\/FPflicht-1.png\" alt=\"\" class=\"wp-image-1812\" style=\"width:130px;height:130px\" srcset=\"https:\/\/fehmarn-bootsverleih.de\/wp-content\/uploads\/2021\/06\/FPflicht-1.png 512w, https:\/\/fehmarn-bootsverleih.de\/wp-content\/uploads\/2021\/06\/FPflicht-1-300x300.png 300w, https:\/\/fehmarn-bootsverleih.de\/wp-content\/uploads\/2021\/06\/FPflicht-1-150x150.png 150w\" sizes=\"(max-width: 512px) 100vw, 512px\" \/><\/figure><\/div>\n\n\n<p class=\"has-text-align-center has-medium-font-size\">Bei Taro-Charterboote k\u00f6nnen Sie selbst Hochseefischen  gehen. Nat\u00fcrlich mit einem Taro Boot! Auch wenn Sie keinen Bootsf\u00fchrerschein &#8211; See besitzen! Bei uns sind Sie je nach Jahreszeit 8 bis 10 Stunden auf See und damit am Fisch!! Oder Sie erleben einen unvergesslichen Tag auf dem Meer.<\/p>\n\n\n\n<p class=\"has-text-align-center has-medium-font-size\"> <strong>Alle f\u00fchrerscheinfreien  Boote sind &nbsp; vorschriftsm\u00e4\u00dfig nach WSA (T\u00dcV) abgenommen.<\/strong><\/p>\n\n\n\n<p><strong>Die Saison 2025 beginnt Ostern 202<\/strong>5 und Endet im Oktober 2025<\/p>\n<\/div><\/div>\n\n\n\n<div class=\"wp-block-group alignfull\"><div class=\"wp-block-group__inner-container is-layout-flow wp-block-group-is-layout-flow\">\n<div class=\"wp-block-media-text alignwide is-stacked-on-mobile is-vertically-aligned-top is-image-fill is-style-default\"><figure class=\"wp-block-media-text__media\" style=\"background-image:url(https:\/\/fehmarn-bootsverleih.de\/wp-content\/uploads\/2021\/06\/HL591B-Kat-Kajuetboote-FF-1024x768.jpg);background-position:50% 50%\"><img loading=\"lazy\" decoding=\"async\" width=\"1024\" height=\"768\" src=\"https:\/\/fehmarn-bootsverleih.de\/wp-content\/uploads\/2021\/06\/HL591B-Kat-Kajuetboote-FF-1024x768.jpg\" alt=\"\" class=\"wp-image-520 size-full\" srcset=\"https:\/\/fehmarn-bootsverleih.de\/wp-content\/uploads\/2021\/06\/HL591B-Kat-Kajuetboote-FF-1024x768.jpg 1024w, https:\/\/fehmarn-bootsverleih.de\/wp-content\/uploads\/2021\/06\/HL591B-Kat-Kajuetboote-FF-300x225.jpg 300w, https:\/\/fehmarn-bootsverleih.de\/wp-content\/uploads\/2021\/06\/HL591B-Kat-Kajuetboote-FF-768x576.jpg 768w, https:\/\/fehmarn-bootsverleih.de\/wp-content\/uploads\/2021\/06\/HL591B-Kat-Kajuetboote-FF-1536x1152.jpg 1536w, https:\/\/fehmarn-bootsverleih.de\/wp-content\/uploads\/2021\/06\/HL591B-Kat-Kajuetboote-FF-2048x1536.jpg 2048w, https:\/\/fehmarn-bootsverleih.de\/wp-content\/uploads\/2021\/06\/HL591B-Kat-Kajuetboote-FF-1200x900.jpg 1200w, https:\/\/fehmarn-bootsverleih.de\/wp-content\/uploads\/2021\/06\/HL591B-Kat-Kajuetboote-FF-1980x1485.jpg 1980w\" sizes=\"(max-width: 1024px) 100vw, 1024px\" \/><\/figure><div class=\"wp-block-media-text__content\">\n<p>HL591B: <strong>Kat-Kaj\u00fctboot<\/strong><\/p>\n\n\n\n<p><strong> <\/strong>Der Katamaran ist f\u00fchrerscheinfrei und hat eine komplette Ausstattung f\u00fcr Angler. Das Boot ist mit E- Starter ausger\u00fcstet und wird \u00fcber<strong> Pinne<\/strong> gesteuert. Echolot, Kompass, Fischfinder, Rutenhalter,&nbsp;Sicherheitsausr\u00fcstung, Seereeling geh\u00f6ren zum Standard. <\/p>\n\n\n\n<p>L\u00e4nge: \u00fc.a. 4,60 Meter. Breite: \u00fc.a. 2.05 Meter Motor: 15 PS. 4 Takt&nbsp;Tohatsu AB Speed: ca. 23km\/h. Zugelassen f\u00fcr  max. 4 Personen. <a href=\"https:\/\/fehmarn-bootsverleih.de\/?page_id=140#ffboote\">Zu den Preisen.<\/a><\/p>\n<\/div><\/div>\n\n\n\n<div class=\"wp-block-media-text alignwide is-stacked-on-mobile is-vertically-aligned-top is-image-fill is-style-default\"><figure class=\"wp-block-media-text__media\" style=\"background-image:url(https:\/\/fehmarn-bootsverleih.de\/wp-content\/uploads\/2021\/06\/HL593-Kajuetboote-FF-1024x768.jpg);background-position:50% 50%\"><img loading=\"lazy\" decoding=\"async\" width=\"1024\" height=\"768\" src=\"https:\/\/fehmarn-bootsverleih.de\/wp-content\/uploads\/2021\/06\/HL593-Kajuetboote-FF-1024x768.jpg\" alt=\"\" class=\"wp-image-524 size-full\" srcset=\"https:\/\/fehmarn-bootsverleih.de\/wp-content\/uploads\/2021\/06\/HL593-Kajuetboote-FF-1024x768.jpg 1024w, https:\/\/fehmarn-bootsverleih.de\/wp-content\/uploads\/2021\/06\/HL593-Kajuetboote-FF-300x225.jpg 300w, https:\/\/fehmarn-bootsverleih.de\/wp-content\/uploads\/2021\/06\/HL593-Kajuetboote-FF-768x576.jpg 768w, https:\/\/fehmarn-bootsverleih.de\/wp-content\/uploads\/2021\/06\/HL593-Kajuetboote-FF-1536x1152.jpg 1536w, https:\/\/fehmarn-bootsverleih.de\/wp-content\/uploads\/2021\/06\/HL593-Kajuetboote-FF-2048x1536.jpg 2048w, https:\/\/fehmarn-bootsverleih.de\/wp-content\/uploads\/2021\/06\/HL593-Kajuetboote-FF-1200x900.jpg 1200w, https:\/\/fehmarn-bootsverleih.de\/wp-content\/uploads\/2021\/06\/HL593-Kajuetboote-FF-1980x1485.jpg 1980w\" sizes=\"(max-width: 1024px) 100vw, 1024px\" \/><\/figure><div class=\"wp-block-media-text__content\">\n<p>HL593: <strong>Kaj\u00fctboot<\/strong> <strong>Taro 3<\/strong><\/p>\n\n\n\n<p>Taro- Boote haben <strong>Angelvollausstattung<\/strong>. Sie sind mit Kompass, Echolot, Fischfinder, Niro-Rutenhalter, Seereling, Rettungswesten und Rettungsmittel ausgestattet. Die Boote sind zum Down Rigger (Schleppangeln) vorbereitet. <strong>Down Rigger k\u00f6nnen gemietet werden<\/strong>. <a href=\"https:\/\/fehmarn-bootsverleih.de\/?page_id=140#ffboote\">Zu den Preisen.<\/a><\/p>\n<\/div><\/div>\n\n\n\n<div class=\"wp-block-media-text alignwide has-media-on-the-right is-stacked-on-mobile is-vertically-aligned-top is-image-fill is-style-default\"><div class=\"wp-block-media-text__content\">\n<p>HL592: <strong>Kaj\u00fctboot<\/strong> <strong>Taro 2<\/strong><\/p>\n\n\n\n<p> Alle Taro Angelboote sind mit Fernlenkung, Elektrostart ausger\u00fcstet. <\/p>\n\n\n\n<p>L\u00e4nge: \u00fc.a. 5,28 Meter. Breite: \u00fc.a. 1,98eter. Motor: 15 PS neue Mercury 4 Takt. Aussenborder Speed ca. 21 km\/h. Zulassung: 5 Personen. <a href=\"https:\/\/fehmarn-bootsverleih.de\/?page_id=140#ffboote\">Zu den Preisen.<\/a><\/p>\n<\/div><figure class=\"wp-block-media-text__media\" style=\"background-image:url(https:\/\/fehmarn-bootsverleih.de\/wp-content\/uploads\/2021\/06\/HL592-Kajuetboote-FF-1024x768.jpg);background-position:50% 50%\"><img loading=\"lazy\" decoding=\"async\" width=\"1024\" height=\"768\" src=\"https:\/\/fehmarn-bootsverleih.de\/wp-content\/uploads\/2021\/06\/HL592-Kajuetboote-FF-1024x768.jpg\" alt=\"\" class=\"wp-image-522 size-full\" srcset=\"https:\/\/fehmarn-bootsverleih.de\/wp-content\/uploads\/2021\/06\/HL592-Kajuetboote-FF-1024x768.jpg 1024w, https:\/\/fehmarn-bootsverleih.de\/wp-content\/uploads\/2021\/06\/HL592-Kajuetboote-FF-300x225.jpg 300w, https:\/\/fehmarn-bootsverleih.de\/wp-content\/uploads\/2021\/06\/HL592-Kajuetboote-FF-768x576.jpg 768w, https:\/\/fehmarn-bootsverleih.de\/wp-content\/uploads\/2021\/06\/HL592-Kajuetboote-FF-1536x1152.jpg 1536w, https:\/\/fehmarn-bootsverleih.de\/wp-content\/uploads\/2021\/06\/HL592-Kajuetboote-FF-2048x1536.jpg 2048w, https:\/\/fehmarn-bootsverleih.de\/wp-content\/uploads\/2021\/06\/HL592-Kajuetboote-FF-1200x900.jpg 1200w, https:\/\/fehmarn-bootsverleih.de\/wp-content\/uploads\/2021\/06\/HL592-Kajuetboote-FF-1980x1485.jpg 1980w\" sizes=\"(max-width: 1024px) 100vw, 1024px\" \/><\/figure><\/div>\n\n\n\n<div class=\"wp-block-media-text alignwide has-media-on-the-right is-stacked-on-mobile is-vertically-aligned-top is-image-fill is-style-default\"><div class=\"wp-block-media-text__content\">\n<p>HL594: <strong>Kaj\u00fctboot<\/strong> <strong>Taro 4<\/strong> <\/p>\n\n\n\n<p>Alle Taro Angelboote sind mit Fernlenkung, Elektrostart, Kompass, Seenotmittel, Schwimmwesten , Sicherheitsausr\u00fcstung und Rutenhaltern ausger\u00fcstet.<\/p>\n\n\n\n<p> L\u00e4nge: \u00fc.a. 5,28 Meter. Breite: \u00fc.a. 1,98 Meter. Motor: 15 PS neue Mercury 4 Takt. Einspritzung  Aussenborder  <\/p>\n\n\n\n<p>Speed ca. 21 km\/h. Zulassung: 5 Personen. <a href=\"https:\/\/fehmarn-bootsverleih.de\/?page_id=140#ffboote\">Zu den Preisen.<\/a><\/p>\n<\/div><figure class=\"wp-block-media-text__media\" style=\"background-image:url(https:\/\/fehmarn-bootsverleih.de\/wp-content\/uploads\/2021\/06\/HL594-Kajuetboote-FF-1024x768.jpg);background-position:50% 50%\"><img loading=\"lazy\" decoding=\"async\" width=\"1024\" height=\"768\" src=\"https:\/\/fehmarn-bootsverleih.de\/wp-content\/uploads\/2021\/06\/HL594-Kajuetboote-FF-1024x768.jpg\" alt=\"\" class=\"wp-image-523 size-full\" srcset=\"https:\/\/fehmarn-bootsverleih.de\/wp-content\/uploads\/2021\/06\/HL594-Kajuetboote-FF-1024x768.jpg 1024w, https:\/\/fehmarn-bootsverleih.de\/wp-content\/uploads\/2021\/06\/HL594-Kajuetboote-FF-300x225.jpg 300w, https:\/\/fehmarn-bootsverleih.de\/wp-content\/uploads\/2021\/06\/HL594-Kajuetboote-FF-768x576.jpg 768w, https:\/\/fehmarn-bootsverleih.de\/wp-content\/uploads\/2021\/06\/HL594-Kajuetboote-FF-1536x1152.jpg 1536w, https:\/\/fehmarn-bootsverleih.de\/wp-content\/uploads\/2021\/06\/HL594-Kajuetboote-FF-2048x1536.jpg 2048w, https:\/\/fehmarn-bootsverleih.de\/wp-content\/uploads\/2021\/06\/HL594-Kajuetboote-FF-1200x900.jpg 1200w, https:\/\/fehmarn-bootsverleih.de\/wp-content\/uploads\/2021\/06\/HL594-Kajuetboote-FF-1980x1485.jpg 1980w\" sizes=\"(max-width: 1024px) 100vw, 1024px\" \/><\/figure><\/div>\n\n\n\n<div class=\"wp-block-media-text alignwide is-stacked-on-mobile is-vertically-aligned-top is-image-fill is-style-default\"><figure class=\"wp-block-media-text__media\" style=\"background-image:url(https:\/\/fehmarn-bootsverleih.de\/wp-content\/uploads\/2021\/06\/HL591C-Kajuetboot-FF-1-1024x768.jpg);background-position:50% 50%\"><img loading=\"lazy\" decoding=\"async\" width=\"1024\" height=\"768\" src=\"https:\/\/fehmarn-bootsverleih.de\/wp-content\/uploads\/2021\/06\/HL591C-Kajuetboot-FF-1-1024x768.jpg\" alt=\"\" class=\"wp-image-905 size-full\" srcset=\"https:\/\/fehmarn-bootsverleih.de\/wp-content\/uploads\/2021\/06\/HL591C-Kajuetboot-FF-1-1024x768.jpg 1024w, https:\/\/fehmarn-bootsverleih.de\/wp-content\/uploads\/2021\/06\/HL591C-Kajuetboot-FF-1-300x225.jpg 300w, https:\/\/fehmarn-bootsverleih.de\/wp-content\/uploads\/2021\/06\/HL591C-Kajuetboot-FF-1-768x576.jpg 768w, https:\/\/fehmarn-bootsverleih.de\/wp-content\/uploads\/2021\/06\/HL591C-Kajuetboot-FF-1-1536x1152.jpg 1536w, https:\/\/fehmarn-bootsverleih.de\/wp-content\/uploads\/2021\/06\/HL591C-Kajuetboot-FF-1-2048x1536.jpg 2048w, https:\/\/fehmarn-bootsverleih.de\/wp-content\/uploads\/2021\/06\/HL591C-Kajuetboot-FF-1-1568x1176.jpg 1568w\" sizes=\"(max-width: 1024px) 100vw, 1024px\" \/><\/figure><div class=\"wp-block-media-text__content\">\n<p>HL 594 C: <strong>Kaj\u00fct Crouser<\/strong> <strong>Taro 8<\/strong><\/p>\n\n\n\n<p> Alle Taro Angelboote sind mit Fernlenkung, Elektrostart, Kompass,  Seenotmittel , Schwimmwesten, Sicherheitsausr\u00fcstung und Rutenhalter ausger\u00fcstet. <\/p>\n\n\n\n<p>L\u00e4nge: \u00fc.a. 5,28 Meter. Breite: \u00fc.a. 1,98 Meter. Motor: 15 PS  Mercury 4 Takt Einspritzung  Aussenborder ausgestattet.<\/p>\n\n\n\n<p>Speed ca. 21 km\/h. Zulassung: 5 Personen. <a href=\"https:\/\/fehmarn-bootsverleih.de\/?page_id=140#ffboote\">Zu den Preisen.<\/a><\/p>\n<\/div><\/div>\n<\/div><\/div>\n","protected":false},"excerpt":{"rendered":"<p>Bei Taro-Charterboote k\u00f6nnen Sie selbst auf Dorschjagd gehen. Nat\u00fcrlich mit einem Taro Boot! Auch wenn Sie keinen Bootsf\u00fchrerschein &#8211; See besitzen! <\/p>\n","protected":false},"author":1,"featured_media":0,"parent":0,"menu_order":0,"comment_status":"closed","ping_status":"closed","template":"tw-no-title.php","meta":{"footnotes":""},"_links":{"self":[{"href":"https:\/\/fehmarn-bootsverleih.de\/index.php?rest_route=\/wp\/v2\/pages\/267"}],"collection":[{"href":"https:\/\/fehmarn-bootsverleih.de\/index.php?rest_route=\/wp\/v2\/pages"}],"about":[{"href":"https:\/\/fehmarn-bootsverleih.de\/index.php?rest_route=\/wp\/v2\/types\/page"}],"author":[{"embeddable":true,"href":"https:\/\/fehmarn-bootsverleih.de\/index.php?rest_route=\/wp\/v2\/users\/1"}],"replies":[{"embeddable":true,"href":"https:\/\/fehmarn-bootsverleih.de\/index.php?rest_route=%2Fwp%2Fv2%2Fcomments&post=267"}],"version-history":[{"count":59,"href":"https:\/\/fehmarn-bootsverleih.de\/index.php?rest_route=\/wp\/v2\/pages\/267\/revisions"}],"predecessor-version":[{"id":2073,"href":"https:\/\/fehmarn-bootsverleih.de\/index.php?rest_route=\/wp\/v2\/pages\/267\/revisions\/2073"}],"wp:attachment":[{"href":"https:\/\/fehmarn-bootsverleih.de\/index.php?rest_route=%2Fwp%2Fv2%2Fmedia&parent=267"}],"curies":[{"name":"wp","href":"https:\/\/api.w.org\/{rel}","templated":true}]}}