{"id":1876,"date":"2021-06-30T16:22:18","date_gmt":"2021-06-30T15:22:18","guid":{"rendered":"http:\/\/fehmarn-bootsverleih.de\/?page_id=1876"},"modified":"2023-04-22T22:05:33","modified_gmt":"2023-04-22T21:05:33","slug":"angeln","status":"publish","type":"page","link":"https:\/\/fehmarn-bootsverleih.de\/?page_id=1876","title":{"rendered":"Angeln"},"content":{"rendered":"\n<div class=\"wp-block-group alignfull has-subtle-background-background-color has-background\"><div class=\"wp-block-group__inner-container is-layout-flow wp-block-group-is-layout-flow\">\n<h2 class=\"has-text-align-center wp-block-heading\">Angeln<\/h2>\n\n\n<div class=\"wp-block-image\">\n<figure class=\"aligncenter size-large is-resized\"><img loading=\"lazy\" decoding=\"async\" src=\"https:\/\/fehmarn-bootsverleih.de\/wp-content\/uploads\/2021\/06\/Angeln-2.png\" alt=\"\" class=\"wp-image-1885\" width=\"193\" height=\"181\"\/><\/figure><\/div>\n\n\n<p class=\"has-text-align-center\"><strong>Keine<\/strong> <strong>Angelrute? Kein Problem!<\/strong><\/p>\n<\/div><\/div>\n\n\n\n<div class=\"wp-block-media-text alignwide is-stacked-on-mobile\" style=\"grid-template-columns:37% auto\"><figure class=\"wp-block-media-text__media\"><img loading=\"lazy\" decoding=\"async\" width=\"512\" height=\"512\" src=\"https:\/\/fehmarn-bootsverleih.de\/wp-content\/uploads\/2021\/06\/Angelzubehoer.png\" alt=\"\" class=\"wp-image-1878 size-full\" srcset=\"https:\/\/fehmarn-bootsverleih.de\/wp-content\/uploads\/2021\/06\/Angelzubehoer.png 512w, https:\/\/fehmarn-bootsverleih.de\/wp-content\/uploads\/2021\/06\/Angelzubehoer-300x300.png 300w, https:\/\/fehmarn-bootsverleih.de\/wp-content\/uploads\/2021\/06\/Angelzubehoer-150x150.png 150w\" sizes=\"(max-width: 512px) 100vw, 512px\" \/><\/figure><div class=\"wp-block-media-text__content\">\n<p>Leihruten bei uns erh\u00e4ltlich&#8230;..wir vermitteln Sie zu den einschl\u00e4gigen Fachgesch\u00e4ften<\/p>\n\n\n\n<p>auf der Insel.<\/p>\n<\/div><\/div>\n\n\n\n<p><\/p>\n\n\n\n<p><\/p>\n\n\n\n<p><\/p>\n\n\n\n<p><\/p>\n\n\n\n<p>Lebendk\u00f6der, oder spezielles Equipment gibt es in den einschl\u00e4gigen Angelfachgesch\u00e4ften auf der Insel, z.B. bei&nbsp;<a rel=\"noreferrer noopener\" href=\"https:\/\/angelhus-fehmarn.business.site\/\" target=\"_blank\">Angel Hus Fehmarn in&nbsp;Burg<\/a>, oder <a rel=\"noreferrer noopener\" href=\"https:\/\/www.baltic-koelln-fehmarn.de\/\" target=\"_blank\">Baltic K\u00f6lln in Burgstaaken<\/a>.<\/p>\n","protected":false},"excerpt":{"rendered":"<p>Angeln Keine Angelrute? Kein Problem! Leihruten bei uns erh\u00e4ltlich&#8230;..wir vermitteln Sie zu den einschl\u00e4gigen Fachgesch\u00e4ften auf der Insel. Lebendk\u00f6der, oder spezielles Equipment gibt es in den einschl\u00e4gigen Angelfachgesch\u00e4ften auf der Insel, z.B. bei&nbsp;Angel Hus Fehmarn in&nbsp;Burg, oder Baltic K\u00f6lln in Burgstaaken.<\/p>\n","protected":false},"author":1,"featured_media":0,"parent":0,"menu_order":0,"comment_status":"closed","ping_status":"closed","template":"tw-no-title.php","meta":{"footnotes":""},"_links":{"self":[{"href":"https:\/\/fehmarn-bootsverleih.de\/index.php?rest_route=\/wp\/v2\/pages\/1876"}],"collection":[{"href":"https:\/\/fehmarn-bootsverleih.de\/index.php?rest_route=\/wp\/v2\/pages"}],"about":[{"href":"https:\/\/fehmarn-bootsverleih.de\/index.php?rest_route=\/wp\/v2\/types\/page"}],"author":[{"embeddable":true,"href":"https:\/\/fehmarn-bootsverleih.de\/index.php?rest_route=\/wp\/v2\/users\/1"}],"replies":[{"embeddable":true,"href":"https:\/\/fehmarn-bootsverleih.de\/index.php?rest_route=%2Fwp%2Fv2%2Fcomments&post=1876"}],"version-history":[{"count":7,"href":"https:\/\/fehmarn-bootsverleih.de\/index.php?rest_route=\/wp\/v2\/pages\/1876\/revisions"}],"predecessor-version":[{"id":2019,"href":"https:\/\/fehmarn-bootsverleih.de\/index.php?rest_route=\/wp\/v2\/pages\/1876\/revisions\/2019"}],"wp:attachment":[{"href":"https:\/\/fehmarn-bootsverleih.de\/index.php?rest_route=%2Fwp%2Fv2%2Fmedia&parent=1876"}],"curies":[{"name":"wp","href":"https:\/\/api.w.org\/{rel}","templated":true}]}}