{"id":140,"date":"2021-06-07T17:42:34","date_gmt":"2021-06-07T17:42:34","guid":{"rendered":"http:\/\/wp.fehmarnbootsverleih.de\/?page_id=140"},"modified":"2025-08-09T19:21:34","modified_gmt":"2025-08-09T18:21:34","slug":"preise","status":"publish","type":"page","link":"https:\/\/fehmarn-bootsverleih.de\/?page_id=140","title":{"rendered":"Preise"},"content":{"rendered":"\n<div class=\"wp-block-group alignfull is-style-default has-subtle-background-background-color has-background\"><div class=\"wp-block-group__inner-container is-layout-flow wp-block-group-is-layout-flow\">\n<h2 class=\"wp-block-heading has-text-align-center\">Preise<\/h2>\n\n\n<div class=\"wp-block-image\">\n<figure class=\"aligncenter size-large is-resized\"><img loading=\"lazy\" decoding=\"async\" width=\"512\" height=\"512\" src=\"https:\/\/fehmarn-bootsverleih.de\/wp-content\/uploads\/2021\/06\/Preise-1.png\" alt=\"\" class=\"wp-image-1839\" style=\"width:126px;height:126px\" srcset=\"https:\/\/fehmarn-bootsverleih.de\/wp-content\/uploads\/2021\/06\/Preise-1.png 512w, https:\/\/fehmarn-bootsverleih.de\/wp-content\/uploads\/2021\/06\/Preise-1-300x300.png 300w, https:\/\/fehmarn-bootsverleih.de\/wp-content\/uploads\/2021\/06\/Preise-1-150x150.png 150w\" sizes=\"(max-width: 512px) 100vw, 512px\" \/><\/figure><\/div><\/div><\/div>\n\n\n\n<div class=\"wp-block-group\"><div class=\"wp-block-group__inner-container is-layout-flow wp-block-group-is-layout-flow\">\n<h4 class=\"wp-block-heading\" id=\"ffboote\">F\u00fchrerscheinfreie Boote<\/h4>\n\n\n\n<figure class=\"wp-block-gallery has-nested-images columns-default is-cropped is-style-default wp-block-gallery-1 is-layout-flex wp-block-gallery-is-layout-flex\">\n<figure class=\"wp-block-image size-large\"><img loading=\"lazy\" decoding=\"async\" width=\"1024\" height=\"768\" src=\"https:\/\/fehmarn-bootsverleih.de\/wp-content\/uploads\/2021\/06\/HL591B-Kat-Kajuetboote-FF-1024x768.jpg\" alt=\"\" class=\"wp-image-520\" srcset=\"https:\/\/fehmarn-bootsverleih.de\/wp-content\/uploads\/2021\/06\/HL591B-Kat-Kajuetboote-FF-1024x768.jpg 1024w, https:\/\/fehmarn-bootsverleih.de\/wp-content\/uploads\/2021\/06\/HL591B-Kat-Kajuetboote-FF-300x225.jpg 300w, https:\/\/fehmarn-bootsverleih.de\/wp-content\/uploads\/2021\/06\/HL591B-Kat-Kajuetboote-FF-768x576.jpg 768w, https:\/\/fehmarn-bootsverleih.de\/wp-content\/uploads\/2021\/06\/HL591B-Kat-Kajuetboote-FF-1536x1152.jpg 1536w, https:\/\/fehmarn-bootsverleih.de\/wp-content\/uploads\/2021\/06\/HL591B-Kat-Kajuetboote-FF-2048x1536.jpg 2048w, https:\/\/fehmarn-bootsverleih.de\/wp-content\/uploads\/2021\/06\/HL591B-Kat-Kajuetboote-FF-1200x900.jpg 1200w, https:\/\/fehmarn-bootsverleih.de\/wp-content\/uploads\/2021\/06\/HL591B-Kat-Kajuetboote-FF-1980x1485.jpg 1980w\" sizes=\"(max-width: 1024px) 100vw, 1024px\" \/><figcaption class=\"wp-element-caption\">HL591B<\/figcaption><\/figure>\n\n\n\n<figure class=\"wp-block-image size-large\"><img loading=\"lazy\" decoding=\"async\" width=\"1024\" height=\"768\" src=\"https:\/\/fehmarn-bootsverleih.de\/wp-content\/uploads\/2021\/06\/HL593-Kajuetboote-FF-1024x768.jpg\" alt=\"\" class=\"wp-image-524\" srcset=\"https:\/\/fehmarn-bootsverleih.de\/wp-content\/uploads\/2021\/06\/HL593-Kajuetboote-FF-1024x768.jpg 1024w, https:\/\/fehmarn-bootsverleih.de\/wp-content\/uploads\/2021\/06\/HL593-Kajuetboote-FF-300x225.jpg 300w, https:\/\/fehmarn-bootsverleih.de\/wp-content\/uploads\/2021\/06\/HL593-Kajuetboote-FF-768x576.jpg 768w, https:\/\/fehmarn-bootsverleih.de\/wp-content\/uploads\/2021\/06\/HL593-Kajuetboote-FF-1536x1152.jpg 1536w, https:\/\/fehmarn-bootsverleih.de\/wp-content\/uploads\/2021\/06\/HL593-Kajuetboote-FF-2048x1536.jpg 2048w, https:\/\/fehmarn-bootsverleih.de\/wp-content\/uploads\/2021\/06\/HL593-Kajuetboote-FF-1200x900.jpg 1200w, https:\/\/fehmarn-bootsverleih.de\/wp-content\/uploads\/2021\/06\/HL593-Kajuetboote-FF-1980x1485.jpg 1980w\" sizes=\"(max-width: 1024px) 100vw, 1024px\" \/><figcaption class=\"wp-element-caption\">HL593<\/figcaption><\/figure>\n\n\n\n<figure class=\"wp-block-image size-large\"><img loading=\"lazy\" decoding=\"async\" width=\"1024\" height=\"768\" src=\"https:\/\/fehmarn-bootsverleih.de\/wp-content\/uploads\/2021\/06\/HL592-Kajuetboote-FF-1024x768.jpg\" alt=\"\" class=\"wp-image-522\" srcset=\"https:\/\/fehmarn-bootsverleih.de\/wp-content\/uploads\/2021\/06\/HL592-Kajuetboote-FF-1024x768.jpg 1024w, https:\/\/fehmarn-bootsverleih.de\/wp-content\/uploads\/2021\/06\/HL592-Kajuetboote-FF-300x225.jpg 300w, https:\/\/fehmarn-bootsverleih.de\/wp-content\/uploads\/2021\/06\/HL592-Kajuetboote-FF-768x576.jpg 768w, https:\/\/fehmarn-bootsverleih.de\/wp-content\/uploads\/2021\/06\/HL592-Kajuetboote-FF-1536x1152.jpg 1536w, https:\/\/fehmarn-bootsverleih.de\/wp-content\/uploads\/2021\/06\/HL592-Kajuetboote-FF-2048x1536.jpg 2048w, https:\/\/fehmarn-bootsverleih.de\/wp-content\/uploads\/2021\/06\/HL592-Kajuetboote-FF-1200x900.jpg 1200w, https:\/\/fehmarn-bootsverleih.de\/wp-content\/uploads\/2021\/06\/HL592-Kajuetboote-FF-1980x1485.jpg 1980w\" sizes=\"(max-width: 1024px) 100vw, 1024px\" \/><figcaption class=\"wp-element-caption\">HL592<\/figcaption><\/figure>\n\n\n\n<figure class=\"wp-block-image size-large\"><img loading=\"lazy\" decoding=\"async\" width=\"1024\" height=\"768\" src=\"https:\/\/fehmarn-bootsverleih.de\/wp-content\/uploads\/2021\/06\/HL594-Kajuetboote-FF-1024x768.jpg\" alt=\"\" class=\"wp-image-523\" srcset=\"https:\/\/fehmarn-bootsverleih.de\/wp-content\/uploads\/2021\/06\/HL594-Kajuetboote-FF-1024x768.jpg 1024w, https:\/\/fehmarn-bootsverleih.de\/wp-content\/uploads\/2021\/06\/HL594-Kajuetboote-FF-300x225.jpg 300w, https:\/\/fehmarn-bootsverleih.de\/wp-content\/uploads\/2021\/06\/HL594-Kajuetboote-FF-768x576.jpg 768w, https:\/\/fehmarn-bootsverleih.de\/wp-content\/uploads\/2021\/06\/HL594-Kajuetboote-FF-1536x1152.jpg 1536w, https:\/\/fehmarn-bootsverleih.de\/wp-content\/uploads\/2021\/06\/HL594-Kajuetboote-FF-2048x1536.jpg 2048w, https:\/\/fehmarn-bootsverleih.de\/wp-content\/uploads\/2021\/06\/HL594-Kajuetboote-FF-1200x900.jpg 1200w, https:\/\/fehmarn-bootsverleih.de\/wp-content\/uploads\/2021\/06\/HL594-Kajuetboote-FF-1980x1485.jpg 1980w\" sizes=\"(max-width: 1024px) 100vw, 1024px\" \/><figcaption class=\"wp-element-caption\">HL594<\/figcaption><\/figure>\n\n\n\n<figure class=\"wp-block-image size-large\"><img loading=\"lazy\" decoding=\"async\" width=\"1024\" height=\"576\" src=\"https:\/\/fehmarn-bootsverleih.de\/wp-content\/uploads\/2021\/06\/HL591C-Kajuetboot-FF-1024x576.jpg\" alt=\"\" class=\"wp-image-525\" srcset=\"https:\/\/fehmarn-bootsverleih.de\/wp-content\/uploads\/2021\/06\/HL591C-Kajuetboot-FF-1024x576.jpg 1024w, https:\/\/fehmarn-bootsverleih.de\/wp-content\/uploads\/2021\/06\/HL591C-Kajuetboot-FF-300x169.jpg 300w, https:\/\/fehmarn-bootsverleih.de\/wp-content\/uploads\/2021\/06\/HL591C-Kajuetboot-FF-768x432.jpg 768w, https:\/\/fehmarn-bootsverleih.de\/wp-content\/uploads\/2021\/06\/HL591C-Kajuetboot-FF-1536x864.jpg 1536w, https:\/\/fehmarn-bootsverleih.de\/wp-content\/uploads\/2021\/06\/HL591C-Kajuetboot-FF-1200x675.jpg 1200w, https:\/\/fehmarn-bootsverleih.de\/wp-content\/uploads\/2021\/06\/HL591C-Kajuetboot-FF.jpg 1920w\" sizes=\"(max-width: 1024px) 100vw, 1024px\" \/><figcaption class=\"wp-element-caption\">HL594 C<\/figcaption><\/figure>\n<\/figure>\n<\/div><\/div>\n\n\n\n<p class=\"has-text-align-center\"><strong>Kaj\u00fctboote und Kat-Kaj\u00fctboote, Zugelassen f\u00fcr 4\/5 Personen,<\/strong> <\/p>\n\n\n\n<p>In der Hauptsaison von 01.04.2025 bis 31.08.2025 und an allen Feiertagen, \u00e4ndern sich die Mietpreise unserer F\u00fchrerschein freien Boote f\u00fcr Tagescharter auf <strong>1<\/strong>6<strong>9,00<\/strong> pro Tag.<\/p>\n\n\n\n<p class=\"has-text-align-center\"><strong>Preis:<\/strong> <strong>169,00 Euro<\/strong> pauschal (15 PS) HL 594 C Crouser (15 PS ) <strong>179,00 Euro<\/strong> pro Tag zuz\u00fcglich Benzin.<\/p>\n\n\n\n<p class=\"has-text-align-center\">In der Sommersaison k\u00f6nnen Sie unsere Angelboote auch Stundenweise mieten ,wenn verf\u00fcgbar. <strong>Pro Std. 45,- Euro<\/strong> zuz\u00fcglich Benzin.<\/p>\n\n\n\n<hr class=\"wp-block-separator has-css-opacity\"\/>\n\n\n\n<h4 class=\"wp-block-heading\" id=\"fpboote\">F\u00fchrerscheinpflichtige Boote<\/h4>\n\n\n\n<figure class=\"wp-block-image size-large\"><img loading=\"lazy\" decoding=\"async\" width=\"1024\" height=\"768\" src=\"https:\/\/fehmarn-bootsverleih.de\/wp-content\/uploads\/2021\/06\/HL594A-Kajuetboot-1024x768.jpg\" alt=\"\" class=\"wp-image-530\" srcset=\"https:\/\/fehmarn-bootsverleih.de\/wp-content\/uploads\/2021\/06\/HL594A-Kajuetboot-1024x768.jpg 1024w, https:\/\/fehmarn-bootsverleih.de\/wp-content\/uploads\/2021\/06\/HL594A-Kajuetboot-300x225.jpg 300w, https:\/\/fehmarn-bootsverleih.de\/wp-content\/uploads\/2021\/06\/HL594A-Kajuetboot-768x576.jpg 768w, https:\/\/fehmarn-bootsverleih.de\/wp-content\/uploads\/2021\/06\/HL594A-Kajuetboot-1536x1152.jpg 1536w, https:\/\/fehmarn-bootsverleih.de\/wp-content\/uploads\/2021\/06\/HL594A-Kajuetboot-2048x1536.jpg 2048w, https:\/\/fehmarn-bootsverleih.de\/wp-content\/uploads\/2021\/06\/HL594A-Kajuetboot-1200x900.jpg 1200w, https:\/\/fehmarn-bootsverleih.de\/wp-content\/uploads\/2021\/06\/HL594A-Kajuetboot-1980x1485.jpg 1980w\" sizes=\"(max-width: 1024px) 100vw, 1024px\" \/><figcaption class=\"wp-element-caption\">HL594A<\/figcaption><\/figure>\n\n\n\n<p class=\"has-text-align-center\">HL594A:<\/p>\n\n\n\n<p class=\"has-text-align-center\">Kaj\u00fctboot mit 100 PS. Speed: Ca. 65 km\/h, Zugelassen f\u00fcr 3 Personen, <strong>Preis: 199,- Euro<\/strong> pro Tag zuz\u00fcglich Benzin und Kaution.<\/p>\n\n\n\n<figure class=\"wp-block-image size-large\"><img loading=\"lazy\" decoding=\"async\" width=\"1024\" height=\"768\" src=\"https:\/\/fehmarn-bootsverleih.de\/wp-content\/uploads\/2021\/06\/HL594B-Taro-7-Kajuetboot-1024x768.jpg\" alt=\"\" class=\"wp-image-532\" srcset=\"https:\/\/fehmarn-bootsverleih.de\/wp-content\/uploads\/2021\/06\/HL594B-Taro-7-Kajuetboot-1024x768.jpg 1024w, https:\/\/fehmarn-bootsverleih.de\/wp-content\/uploads\/2021\/06\/HL594B-Taro-7-Kajuetboot-300x225.jpg 300w, https:\/\/fehmarn-bootsverleih.de\/wp-content\/uploads\/2021\/06\/HL594B-Taro-7-Kajuetboot-768x576.jpg 768w, https:\/\/fehmarn-bootsverleih.de\/wp-content\/uploads\/2021\/06\/HL594B-Taro-7-Kajuetboot-1536x1152.jpg 1536w, https:\/\/fehmarn-bootsverleih.de\/wp-content\/uploads\/2021\/06\/HL594B-Taro-7-Kajuetboot-2048x1536.jpg 2048w, https:\/\/fehmarn-bootsverleih.de\/wp-content\/uploads\/2021\/06\/HL594B-Taro-7-Kajuetboot-1200x900.jpg 1200w, https:\/\/fehmarn-bootsverleih.de\/wp-content\/uploads\/2021\/06\/HL594B-Taro-7-Kajuetboot-1980x1485.jpg 1980w\" sizes=\"(max-width: 1024px) 100vw, 1024px\" \/><figcaption class=\"wp-element-caption\">HL594B<\/figcaption><\/figure>\n\n\n\n<p class=\"has-text-align-center\">HL594B: <\/p>\n\n\n\n<p class=\"has-text-align-center\">Kaj\u00fctboot mit 55 PS Yamaha Au\u00dfenborder. Speed: ca. 55 km\/h. Zugelassen f\u00fcr 4 Personen, <strong>Preis: 189,00 Euro<\/strong> zuz\u00fcglich Benzin und Kaution.<\/p>\n\n\n\n<hr class=\"wp-block-separator has-css-opacity\"\/>\n\n\n\n<h5 class=\"wp-block-heading\">Kaution<\/h5>\n\n\n\n<p>Kaution pro f\u00fchrerscheinpflichtigen Boot <strong>350,- Euro<\/strong> in bar. <\/p>\n\n\n\n<p>In der Sommersaison k\u00f6nnen Sie unsere f\u00fchrerscheinpflichtigen Boote auch stundenweise mieten, (wenn nicht reserviert )<\/p>\n\n\n\n<p><strong>Ab 80,- Euro pro Std<\/strong>. zuz\u00fcglich Benzin.<\/p>\n\n\n\n<h5 class=\"wp-block-heading\">Downrigger (Schleppangeln) \/Angelnruten:<\/h5>\n\n\n\n<p>Viele Taro-Angelboote sind bereits f\u00fcr Downrigger vorbereitet. (Einzigartig auf Fehmarn)<\/p>\n\n\n\n<p>Downrigger k\u00f6nnen <strong>pro Tag\/St\u00fcck f\u00fcr nur 39,00 Euro<\/strong> gemietet werden. (<strong>Kaution 150,- Euro<\/strong> pro Ger\u00e4t und Ausr\u00fcstung)<\/p>\n\n\n\n<p>Boots Angelruten sind schon f\u00fcr<strong> 9,50 Euro pro Tag\/St\u00fcck<\/strong> zu leihen.<\/p>\n\n\n\n<h5 class=\"wp-block-heading\" id=\"zubehoer\">Angelzubeh\u00f6r:<\/h5>\n\n\n\n<p>Leihruten sind bei uns erh\u00e4ltlich.<\/p>\n\n\n\n<p>Lebendk\u00f6der, oder spezielles Equipment gibt es in den einschl\u00e4gigen Angelfachgesch\u00e4ften auf der Insel, z.B. bei&nbsp;<a rel=\"noreferrer noopener\" href=\"https:\/\/angelhus-fehmarn.business.site\/\" target=\"_blank\">Angel Huss Fehmarn in&nbsp;Burg<\/a>, oder <a rel=\"noreferrer noopener\" href=\"https:\/\/www.baltic-koelln-fehmarn.de\/\" target=\"_blank\">Baltic K\u00f6lln in Burgstaaken<\/a>.<\/p>\n\n\n\n<h5 class=\"wp-block-heading\">Angelscheine:<\/h5>\n\n\n\n<p>Der so genannte Urlauber Angelschein kann in Burg auf dem Amt gegen Vorlage des Personalausweises erworben werden.<\/p>\n\n\n\n<p>Die <strong>Fischereiabgabe <\/strong>von <strong>10.- Euro pro Jahr<\/strong>&nbsp;kann ebenfalls im Amt, oder meist in den Angelgesch\u00e4ften&nbsp;gekauft&nbsp;werden. Seit einiger&nbsp;Zeit ist dies ebenfalls im&nbsp;Internet m\u00f6glich.<\/p>\n\n\n\n<h5 class=\"wp-block-heading\" id=\"wohnwagen\">Wohnwagen:<\/h5>\n\n\n\n<p>Alle Wohnwagen sind komplett ausger\u00fcstet. <strong>Preis: <\/strong>pauschal (inkl. aller Campingplatzgeb\u00fchren )<mark style=\"background-color:rgba(0, 0, 0, 0)\" class=\"has-inline-color has-accent-color\"> <\/mark><strong> 69,00 Euro + Endreinigung<\/strong> <strong>49,00<\/strong>. <strong>Decken, Kopfkissen und Bettzeug bitte mitbringen!<\/strong> <strong>Hundegeb\u00fchr&nbsp;7,50 Euro pro&nbsp;Tag.&nbsp;Energiepauschale 5,00 Euro pro Tag. &nbsp;<\/strong>Bei&nbsp;Buchung werden 50 %&nbsp;als Anzahlung f\u00e4llig, der&nbsp;Rest bei Anreise.&nbsp;Propan Gas f\u00fcr die Vorzeltheizung k\u00f6nnen Sie im Campinglatz Supermarkt&nbsp;kaufen. Leerflaschen sind vorhanden. Winterrabatt auf Anfrage. Preise verstehen sich exkl. Kurtaxe.<\/p>\n\n\n\n<h5 class=\"wp-block-heading\" id=\"wassersport\">Taro-Fun Wassersport:<\/h5>\n\n\n\n<p><strong>entf\u00e4llt aus gesundheitlichen Gr\u00fcnden<\/strong><\/p>\n\n\n\n<p><\/p>\n\n\n\n<p>Die Preise f\u00fcr unsere Wassersport Veranstaltungen sind jeden Tag im Aushang am Steg zu erfahren. Gruppen und Vereine setzen sich bitte fr\u00fchzeitig <a href=\"https:\/\/fehmarn-bootsverleih.de\/?page_id=151\">telefonisch oder per eMail<\/a> mit uns in Verbindung.<\/p>\n\n\n\n<h5 class=\"wp-block-heading\">Gutscheine:<\/h5>\n\n\n\n<p>Selbstverst\u00e4ndlich k\u00f6nnen Sie auch \u00fcber diese Seite <strong>GUTSCHEINE<\/strong> anfordern. Die Wertigkeit bestimmen Sie selbst.<\/p>\n\n\n\n<h5 class=\"wp-block-heading\">Kurtaxe:<\/h5>\n\n\n\n<p>Seit 2009 gibt es auf Fehmarn die Kurtaxe f\u00fcr die gesamte Insel. Die H\u00f6he der Abgabe wird j\u00e4hrlich von der Stadt Fehmarn festgelegt. Diese Abgaben muss jeder Urlauber leider pro Tag und Person  extra zahlen.<\/p>\n","protected":false},"excerpt":{"rendered":"<p>Alle Preise bei Taro- Charterboote.<\/p>\n","protected":false},"author":1,"featured_media":0,"parent":0,"menu_order":0,"comment_status":"closed","ping_status":"closed","template":"tw-no-title.php","meta":{"footnotes":""},"_links":{"self":[{"href":"https:\/\/fehmarn-bootsverleih.de\/index.php?rest_route=\/wp\/v2\/pages\/140"}],"collection":[{"href":"https:\/\/fehmarn-bootsverleih.de\/index.php?rest_route=\/wp\/v2\/pages"}],"about":[{"href":"https:\/\/fehmarn-bootsverleih.de\/index.php?rest_route=\/wp\/v2\/types\/page"}],"author":[{"embeddable":true,"href":"https:\/\/fehmarn-bootsverleih.de\/index.php?rest_route=\/wp\/v2\/users\/1"}],"replies":[{"embeddable":true,"href":"https:\/\/fehmarn-bootsverleih.de\/index.php?rest_route=%2Fwp%2Fv2%2Fcomments&post=140"}],"version-history":[{"count":69,"href":"https:\/\/fehmarn-bootsverleih.de\/index.php?rest_route=\/wp\/v2\/pages\/140\/revisions"}],"predecessor-version":[{"id":2075,"href":"https:\/\/fehmarn-bootsverleih.de\/index.php?rest_route=\/wp\/v2\/pages\/140\/revisions\/2075"}],"wp:attachment":[{"href":"https:\/\/fehmarn-bootsverleih.de\/index.php?rest_route=%2Fwp%2Fv2%2Fmedia&parent=140"}],"curies":[{"name":"wp","href":"https:\/\/api.w.org\/{rel}","templated":true}]}}