{"id":134,"date":"2021-06-07T17:57:23","date_gmt":"2021-06-07T17:57:23","guid":{"rendered":"http:\/\/wp.fehmarnbootsverleih.de\/?page_id=134"},"modified":"2023-04-22T21:54:00","modified_gmt":"2023-04-22T20:54:00","slug":"fuehrerscheinpflichtig","status":"publish","type":"page","link":"https:\/\/fehmarn-bootsverleih.de\/?page_id=134","title":{"rendered":"F\u00fchrerschein &#8211; pflichtig"},"content":{"rendered":"\n<div class=\"wp-block-group alignfull has-subtle-background-background-color has-background\"><div class=\"wp-block-group__inner-container is-layout-flow wp-block-group-is-layout-flow\">\n<h2 class=\"has-text-align-center wp-block-heading\">F\u00fchrerschein &#8211; pflichtig<\/h2>\n\n\n<div class=\"wp-block-image\">\n<figure class=\"aligncenter size-large is-resized\"><img loading=\"lazy\" decoding=\"async\" src=\"https:\/\/fehmarn-bootsverleih.de\/wp-content\/uploads\/2021\/06\/FFrei-2.png\" alt=\"\" class=\"wp-image-1813\" width=\"129\" height=\"129\" srcset=\"https:\/\/fehmarn-bootsverleih.de\/wp-content\/uploads\/2021\/06\/FFrei-2.png 512w, https:\/\/fehmarn-bootsverleih.de\/wp-content\/uploads\/2021\/06\/FFrei-2-300x300.png 300w, https:\/\/fehmarn-bootsverleih.de\/wp-content\/uploads\/2021\/06\/FFrei-2-150x150.png 150w\" sizes=\"(max-width: 129px) 100vw, 129px\" \/><\/figure><\/div>\n\n\n<p class=\"has-text-align-center has-medium-font-size\">F\u00fcr diejenigen die schneller unterwegs sein m\u00f6chten und die gesetzlichen Voraussetzungen erf\u00fcllen  , bieten wir zwei f\u00fchrerscheinpflichtige Boote an.<\/p>\n<\/div><\/div>\n\n\n\n<div class=\"wp-block-media-text alignwide is-stacked-on-mobile is-vertically-aligned-top is-style-default\"><figure class=\"wp-block-media-text__media\"><img loading=\"lazy\" decoding=\"async\" width=\"1024\" height=\"768\" src=\"https:\/\/fehmarn-bootsverleih.de\/wp-content\/uploads\/2021\/06\/HL594A-Kajuetboot-1024x768.jpg\" alt=\"\" class=\"wp-image-530 size-full\" srcset=\"https:\/\/fehmarn-bootsverleih.de\/wp-content\/uploads\/2021\/06\/HL594A-Kajuetboot-1024x768.jpg 1024w, https:\/\/fehmarn-bootsverleih.de\/wp-content\/uploads\/2021\/06\/HL594A-Kajuetboot-300x225.jpg 300w, https:\/\/fehmarn-bootsverleih.de\/wp-content\/uploads\/2021\/06\/HL594A-Kajuetboot-768x576.jpg 768w, https:\/\/fehmarn-bootsverleih.de\/wp-content\/uploads\/2021\/06\/HL594A-Kajuetboot-1536x1152.jpg 1536w, https:\/\/fehmarn-bootsverleih.de\/wp-content\/uploads\/2021\/06\/HL594A-Kajuetboot-2048x1536.jpg 2048w, https:\/\/fehmarn-bootsverleih.de\/wp-content\/uploads\/2021\/06\/HL594A-Kajuetboot-1200x900.jpg 1200w, https:\/\/fehmarn-bootsverleih.de\/wp-content\/uploads\/2021\/06\/HL594A-Kajuetboot-1980x1485.jpg 1980w\" sizes=\"(max-width: 1024px) 100vw, 1024px\" \/><\/figure><div class=\"wp-block-media-text__content\">\n<p><strong>Taro 6 &#8211; HL59 4A<\/strong><\/p>\n\n\n\n<p> Kajt<strong>\u00fctboot <\/strong>mit 100 PS Yamaha 4 Takt AB. Es ist ein Rauwasser-taugliches Boot und l\u00e4dt auch bei einer rauen Ostsee zum Fischen oder Spazierenfahren ein. <\/p>\n\n\n\n<p>Das Boot ist mit Kompass, Echolot, Fischfinder, Rettungswesten und Rettungsmittel ausgestattet. Mit diesem Boot k\u00f6nnen Sie mehr Meer erleben. 3-4 Personen d\u00fcrfen an Bord.<br>L\u00e4nge \u00fc.a.: 5,71 m. Breite \u00fc.a.: 2,21 m. Motor: 100 PS Yamaha 4 Takt Speed : ca. 65 km\/h. <a href=\"https:\/\/fehmarn-bootsverleih.de\/?page_id=140#fpboote\">Zu den Preisen.<\/a><\/p>\n\n\n\n<p><\/p>\n<\/div><\/div>\n\n\n\n<div class=\"wp-block-media-text alignwide has-media-on-the-right is-stacked-on-mobile is-vertically-aligned-top is-style-default\"><figure class=\"wp-block-media-text__media\"><img loading=\"lazy\" decoding=\"async\" width=\"1024\" height=\"768\" src=\"https:\/\/fehmarn-bootsverleih.de\/wp-content\/uploads\/2021\/06\/HL594B-Taro-7-Kajuetboot-1024x768.jpg\" alt=\"\" class=\"wp-image-532 size-full\" srcset=\"https:\/\/fehmarn-bootsverleih.de\/wp-content\/uploads\/2021\/06\/HL594B-Taro-7-Kajuetboot-1024x768.jpg 1024w, https:\/\/fehmarn-bootsverleih.de\/wp-content\/uploads\/2021\/06\/HL594B-Taro-7-Kajuetboot-300x225.jpg 300w, https:\/\/fehmarn-bootsverleih.de\/wp-content\/uploads\/2021\/06\/HL594B-Taro-7-Kajuetboot-768x576.jpg 768w, https:\/\/fehmarn-bootsverleih.de\/wp-content\/uploads\/2021\/06\/HL594B-Taro-7-Kajuetboot-1536x1152.jpg 1536w, https:\/\/fehmarn-bootsverleih.de\/wp-content\/uploads\/2021\/06\/HL594B-Taro-7-Kajuetboot-2048x1536.jpg 2048w, https:\/\/fehmarn-bootsverleih.de\/wp-content\/uploads\/2021\/06\/HL594B-Taro-7-Kajuetboot-1200x900.jpg 1200w, https:\/\/fehmarn-bootsverleih.de\/wp-content\/uploads\/2021\/06\/HL594B-Taro-7-Kajuetboot-1980x1485.jpg 1980w\" sizes=\"(max-width: 1024px) 100vw, 1024px\" \/><\/figure><div class=\"wp-block-media-text__content\">\n<p><strong>Taro 7 &#8211; HL594B <\/strong><\/p>\n\n\n\n<p>Boot z.Zeit bis auf weiteres noch nicht Einsatzbereit.<\/p>\n\n\n\n<p>Dieses gutm\u00fctige<strong> Hille<\/strong> <strong>Kaj\u00fctboot <\/strong>ist besonders f\u00fcr Fahranf\u00e4nger und f\u00fcr Personen geeignet, die sich mit der Ostsee vertraut machen m\u00f6chten. Ein kleines Boot mit gro\u00dfem Spassfaktor! <\/p>\n\n\n\n<p>Kompass, Echolot, Fischfinder, Rettungswesten und Rettungsmittel geh\u00f6ren zur Ausstattung. Zugelassen ist dieses Boot f\u00fcr max. 4 Personen. L\u00e4nge: \u00fc.a. 5,00 Meter. Breite: \u00fc.a. 2,10 Meter. Motor: Yamaha 55 PS. Zweitakt.<\/p>\n\n\n\n<p>Geschwindigkeit: ca. 55 km\/h. <a href=\"https:\/\/fehmarn-bootsverleih.de\/?page_id=140#fpboote\">Zu den Preisen.<\/a><\/p>\n<\/div><\/div>\n\n\n\n<p><\/p>\n","protected":false},"excerpt":{"rendered":"<p>Taro- Charterboot bietet ebenfalls schnelle (f\u00fchrerscheinpflichtige) Boote an.<\/p>\n","protected":false},"author":1,"featured_media":0,"parent":0,"menu_order":0,"comment_status":"closed","ping_status":"closed","template":"tw-no-title.php","meta":{"footnotes":""},"_links":{"self":[{"href":"https:\/\/fehmarn-bootsverleih.de\/index.php?rest_route=\/wp\/v2\/pages\/134"}],"collection":[{"href":"https:\/\/fehmarn-bootsverleih.de\/index.php?rest_route=\/wp\/v2\/pages"}],"about":[{"href":"https:\/\/fehmarn-bootsverleih.de\/index.php?rest_route=\/wp\/v2\/types\/page"}],"author":[{"embeddable":true,"href":"https:\/\/fehmarn-bootsverleih.de\/index.php?rest_route=\/wp\/v2\/users\/1"}],"replies":[{"embeddable":true,"href":"https:\/\/fehmarn-bootsverleih.de\/index.php?rest_route=%2Fwp%2Fv2%2Fcomments&post=134"}],"version-history":[{"count":50,"href":"https:\/\/fehmarn-bootsverleih.de\/index.php?rest_route=\/wp\/v2\/pages\/134\/revisions"}],"predecessor-version":[{"id":2015,"href":"https:\/\/fehmarn-bootsverleih.de\/index.php?rest_route=\/wp\/v2\/pages\/134\/revisions\/2015"}],"wp:attachment":[{"href":"https:\/\/fehmarn-bootsverleih.de\/index.php?rest_route=%2Fwp%2Fv2%2Fmedia&parent=134"}],"curies":[{"name":"wp","href":"https:\/\/api.w.org\/{rel}","templated":true}]}}